{"id":18,"date":"2023-11-15T02:33:53","date_gmt":"2023-11-15T02:33:53","guid":{"rendered":"http:\/\/ur.nzs.org.pl\/?page_id=18"},"modified":"2025-06-08T09:18:11","modified_gmt":"2025-06-08T09:18:11","slug":"struktury","status":"publish","type":"page","link":"https:\/\/ur.nzs.org.pl\/index.php\/struktury\/","title":{"rendered":"Struktury"},"content":{"rendered":"\t\t<div data-elementor-type=\"wp-page\" data-elementor-id=\"18\" class=\"elementor elementor-18\">\n\t\t\t\t<div class=\"has_eae_slider elementor-element elementor-element-d2e875a e-flex e-con-boxed e-con e-parent\" data-eae-slider=\"37137\" data-id=\"d2e875a\" data-element_type=\"container\" data-e-type=\"container\">\n\t\t\t\t\t<div class=\"e-con-inner\">\n\t\t<div class=\"has_eae_slider elementor-element elementor-element-64f2462 e-con-full e-flex e-con e-child\" data-eae-slider=\"79016\" data-id=\"64f2462\" data-element_type=\"container\" data-e-type=\"container\" data-settings=\"{&quot;background_background&quot;:&quot;classic&quot;}\">\n\t\t\t\t<div class=\"elementor-element elementor-element-f3fcc46 elementor-widget__width-initial elementor-widget elementor-widget-image\" data-id=\"f3fcc46\" data-element_type=\"widget\" data-e-type=\"widget\" data-widget_type=\"image.default\">\n\t\t\t\t<div class=\"elementor-widget-container\">\n\t\t\t\t\t\t\t\t\t\t\t\t\t\t\t<img fetchpriority=\"high\" decoding=\"async\" width=\"1024\" height=\"1024\" src=\"https:\/\/ur.nzs.org.pl\/wp-content\/uploads\/2024\/12\/Sympatyczka-1024x1024.jpg\" class=\"attachment-large size-large wp-image-636\" alt=\"\" srcset=\"https:\/\/ur.nzs.org.pl\/wp-content\/uploads\/2024\/12\/Sympatyczka-1024x1024.jpg 1024w, https:\/\/ur.nzs.org.pl\/wp-content\/uploads\/2024\/12\/Sympatyczka-300x300.jpg 300w, https:\/\/ur.nzs.org.pl\/wp-content\/uploads\/2024\/12\/Sympatyczka-150x150.jpg 150w, https:\/\/ur.nzs.org.pl\/wp-content\/uploads\/2024\/12\/Sympatyczka-768x768.jpg 768w, https:\/\/ur.nzs.org.pl\/wp-content\/uploads\/2024\/12\/Sympatyczka.jpg 1440w\" sizes=\"(max-width: 1024px) 100vw, 1024px\" \/>\t\t\t\t\t\t\t\t\t\t\t\t\t\t\t<\/div>\n\t\t\t\t<\/div>\n\t\t\t\t<\/div>\n\t\t\t\t<div class=\"elementor-element elementor-element-2b1f5b7 elementor-widget elementor-widget-text-editor\" data-id=\"2b1f5b7\" data-element_type=\"widget\" data-e-type=\"widget\" data-widget_type=\"text-editor.default\">\n\t\t\t\t<div class=\"elementor-widget-container\">\n\t\t\t\t\t\t\t\t\t<p>\u00a0<\/p><p>\u00a0<\/p><p><strong>Sympatyk<\/strong> &#8211; Osoba b\u0119d\u0105ca studentem lub doktorantem popieraj\u0105cym cele NZS<br \/>UR i wykazuj\u0105cym ch\u0119\u0107 czynnego uczestnictwa w realizacji tych cel\u00f3w.<br \/>Posiada wszelkie mo\u017cliwo\u015bci rozwoju w Organizacji z wy\u0142\u0105czeniem praw wyborczych czynnych i biernych.<\/p>\t\t\t\t\t\t\t\t<\/div>\n\t\t\t\t<\/div>\n\t\t\t\t\t<\/div>\n\t\t\t\t<\/div>\n\t\t<div class=\"has_eae_slider elementor-element elementor-element-85747d9 e-flex e-con-boxed e-con e-parent\" data-eae-slider=\"89937\" data-id=\"85747d9\" data-element_type=\"container\" data-e-type=\"container\">\n\t\t\t\t\t<div class=\"e-con-inner\">\n\t\t\t\t<div class=\"elementor-element elementor-element-63410b8 elementor-widget elementor-widget-spacer\" data-id=\"63410b8\" data-element_type=\"widget\" data-e-type=\"widget\" data-widget_type=\"spacer.default\">\n\t\t\t\t<div class=\"elementor-widget-container\">\n\t\t\t\t\t\t\t<div class=\"elementor-spacer\">\n\t\t\t<div class=\"elementor-spacer-inner\"><\/div>\n\t\t<\/div>\n\t\t\t\t\t\t<\/div>\n\t\t\t\t<\/div>\n\t\t\t\t\t<\/div>\n\t\t\t\t<\/div>\n\t\t<div class=\"has_eae_slider elementor-element elementor-element-0c4d4e1 e-flex e-con-boxed e-con e-parent\" data-eae-slider=\"66738\" data-id=\"0c4d4e1\" data-element_type=\"container\" data-e-type=\"container\">\n\t\t\t\t\t<div class=\"e-con-inner\">\n\t\t<div class=\"has_eae_slider elementor-element elementor-element-cf878fc e-con-full e-flex e-con e-child\" data-eae-slider=\"3100\" data-id=\"cf878fc\" data-element_type=\"container\" data-e-type=\"container\" data-settings=\"{&quot;background_background&quot;:&quot;classic&quot;}\">\n\t\t\t\t<div class=\"elementor-element elementor-element-231311c elementor-widget__width-initial elementor-widget elementor-widget-image\" data-id=\"231311c\" data-element_type=\"widget\" data-e-type=\"widget\" data-widget_type=\"image.default\">\n\t\t\t\t<div class=\"elementor-widget-container\">\n\t\t\t\t\t\t\t\t\t\t\t\t\t\t\t<img decoding=\"async\" width=\"1024\" height=\"576\" src=\"https:\/\/ur.nzs.org.pl\/wp-content\/uploads\/2025\/04\/DSC07546-1024x576.jpg\" class=\"attachment-large size-large wp-image-1144\" alt=\"\" srcset=\"https:\/\/ur.nzs.org.pl\/wp-content\/uploads\/2025\/04\/DSC07546-1024x576.jpg 1024w, https:\/\/ur.nzs.org.pl\/wp-content\/uploads\/2025\/04\/DSC07546-300x169.jpg 300w, https:\/\/ur.nzs.org.pl\/wp-content\/uploads\/2025\/04\/DSC07546-768x432.jpg 768w, https:\/\/ur.nzs.org.pl\/wp-content\/uploads\/2025\/04\/DSC07546-1536x864.jpg 1536w, https:\/\/ur.nzs.org.pl\/wp-content\/uploads\/2025\/04\/DSC07546-2048x1152.jpg 2048w\" sizes=\"(max-width: 1024px) 100vw, 1024px\" \/>\t\t\t\t\t\t\t\t\t\t\t\t\t\t\t<\/div>\n\t\t\t\t<\/div>\n\t\t\t\t<\/div>\n\t\t\t\t<div class=\"elementor-element elementor-element-6e60570 elementor-widget__width-initial elementor-widget elementor-widget-text-editor\" data-id=\"6e60570\" data-element_type=\"widget\" data-e-type=\"widget\" data-widget_type=\"text-editor.default\">\n\t\t\t\t<div class=\"elementor-widget-container\">\n\t\t\t\t\t\t\t\t\t<p>\u00a0<strong>Cz\u0142onek<\/strong> &#8211; Osoba b\u0119d\u0105ca studentem lub doktorantem popieraj\u0105ca cele NZS oraz deklaruj\u0105ca ch\u0119\u0107 czynnego uczestnictwa w realizacji tych cel\u00f3w.<br \/>Posiada ona r\u00f3wnie\u017c pe\u0142ne prawa wyborcze w strukturach NZS UR.<\/p>\t\t\t\t\t\t\t\t<\/div>\n\t\t\t\t<\/div>\n\t\t\t\t\t<\/div>\n\t\t\t\t<\/div>\n\t\t<div class=\"has_eae_slider elementor-element elementor-element-b0c5f63 e-flex e-con-boxed e-con e-parent\" data-eae-slider=\"5337\" data-id=\"b0c5f63\" data-element_type=\"container\" data-e-type=\"container\">\n\t\t\t\t\t<div class=\"e-con-inner\">\n\t\t\t\t<div class=\"elementor-element elementor-element-4d88126 elementor-widget elementor-widget-spacer\" data-id=\"4d88126\" data-element_type=\"widget\" data-e-type=\"widget\" data-widget_type=\"spacer.default\">\n\t\t\t\t<div class=\"elementor-widget-container\">\n\t\t\t\t\t\t\t<div class=\"elementor-spacer\">\n\t\t\t<div class=\"elementor-spacer-inner\"><\/div>\n\t\t<\/div>\n\t\t\t\t\t\t<\/div>\n\t\t\t\t<\/div>\n\t\t\t\t\t<\/div>\n\t\t\t\t<\/div>\n\t\t<div class=\"has_eae_slider elementor-element elementor-element-baba783 e-flex e-con-boxed e-con e-parent\" data-eae-slider=\"78188\" data-id=\"baba783\" data-element_type=\"container\" data-e-type=\"container\">\n\t\t\t\t\t<div class=\"e-con-inner\">\n\t\t<div class=\"has_eae_slider elementor-element elementor-element-73b5d06 e-con-full e-flex e-con e-child\" data-eae-slider=\"83679\" data-id=\"73b5d06\" data-element_type=\"container\" data-e-type=\"container\" data-settings=\"{&quot;background_background&quot;:&quot;classic&quot;}\">\n\t\t\t\t<div class=\"elementor-element elementor-element-6b89014 elementor-widget__width-initial elementor-widget elementor-widget-image\" data-id=\"6b89014\" data-element_type=\"widget\" data-e-type=\"widget\" data-widget_type=\"image.default\">\n\t\t\t\t<div class=\"elementor-widget-container\">\n\t\t\t\t\t\t\t\t\t\t\t\t\t\t\t<img decoding=\"async\" width=\"683\" height=\"1024\" src=\"https:\/\/ur.nzs.org.pl\/wp-content\/uploads\/2024\/12\/Krzysztof_kwasniak-683x1024.jpg\" class=\"attachment-large size-large wp-image-570\" alt=\"\" srcset=\"https:\/\/ur.nzs.org.pl\/wp-content\/uploads\/2024\/12\/Krzysztof_kwasniak-683x1024.jpg 683w, https:\/\/ur.nzs.org.pl\/wp-content\/uploads\/2024\/12\/Krzysztof_kwasniak-200x300.jpg 200w, https:\/\/ur.nzs.org.pl\/wp-content\/uploads\/2024\/12\/Krzysztof_kwasniak-768x1152.jpg 768w, https:\/\/ur.nzs.org.pl\/wp-content\/uploads\/2024\/12\/Krzysztof_kwasniak-1024x1536.jpg 1024w, https:\/\/ur.nzs.org.pl\/wp-content\/uploads\/2024\/12\/Krzysztof_kwasniak.jpg 1365w\" sizes=\"(max-width: 683px) 100vw, 683px\" \/>\t\t\t\t\t\t\t\t\t\t\t\t\t\t\t<\/div>\n\t\t\t\t<\/div>\n\t\t\t\t<\/div>\n\t\t\t\t<div class=\"elementor-element elementor-element-b11c575 elementor-widget__width-initial elementor-widget elementor-widget-text-editor\" data-id=\"b11c575\" data-element_type=\"widget\" data-e-type=\"widget\" data-widget_type=\"text-editor.default\">\n\t\t\t\t<div class=\"elementor-widget-container\">\n\t\t\t\t\t\t\t\t\t<p>\u00a0<\/p><p>\u00a0<\/p><p>\u00a0<\/p><p>\u00a0<\/p><p><strong>Alumn<\/strong> &#8211; Dawny Cz\u0142onek Niezale\u017cnego Zrzeszenia Student\u00f3w Uniwersytetu Rzeszowskiego, tytu\u0142 przyznawany w momencie wyga\u015bni\u0119cia Cz\u0142onkostwa np. w wyniku uko\u0144czenia studi\u00f3w.<\/p>\t\t\t\t\t\t\t\t<\/div>\n\t\t\t\t<\/div>\n\t\t\t\t\t<\/div>\n\t\t\t\t<\/div>\n\t\t<div class=\"has_eae_slider elementor-element elementor-element-acd35a3 e-flex e-con-boxed e-con e-parent\" data-eae-slider=\"53779\" data-id=\"acd35a3\" data-element_type=\"container\" data-e-type=\"container\">\n\t\t\t\t\t<div class=\"e-con-inner\">\n\t\t\t\t<div class=\"elementor-element elementor-element-5d65a5b elementor-widget elementor-widget-spacer\" data-id=\"5d65a5b\" data-element_type=\"widget\" data-e-type=\"widget\" data-widget_type=\"spacer.default\">\n\t\t\t\t<div class=\"elementor-widget-container\">\n\t\t\t\t\t\t\t<div class=\"elementor-spacer\">\n\t\t\t<div class=\"elementor-spacer-inner\"><\/div>\n\t\t<\/div>\n\t\t\t\t\t\t<\/div>\n\t\t\t\t<\/div>\n\t\t\t\t\t<\/div>\n\t\t\t\t<\/div>\n\t\t<div class=\"has_eae_slider elementor-element elementor-element-c42e5a9 e-flex e-con-boxed e-con e-parent\" data-eae-slider=\"49807\" data-id=\"c42e5a9\" data-element_type=\"container\" data-e-type=\"container\">\n\t\t\t\t\t<div class=\"e-con-inner\">\n\t\t<div class=\"has_eae_slider elementor-element elementor-element-24d79bb e-con-full e-flex e-con e-child\" data-eae-slider=\"78088\" data-id=\"24d79bb\" data-element_type=\"container\" data-e-type=\"container\" data-settings=\"{&quot;background_background&quot;:&quot;classic&quot;}\">\n\t\t\t\t<div class=\"elementor-element elementor-element-f91b663 elementor-widget__width-initial elementor-widget elementor-widget-image\" data-id=\"f91b663\" data-element_type=\"widget\" data-e-type=\"widget\" data-widget_type=\"image.default\">\n\t\t\t\t<div class=\"elementor-widget-container\">\n\t\t\t\t\t\t\t\t\t\t\t\t\t\t\t\t<a href=\"https:\/\/ur.nzs.org.pl\/index.php\/zarzad-nzs-ur\/\" target=\"_blank\">\n\t\t\t\t\t\t\t<img loading=\"lazy\" decoding=\"async\" width=\"1536\" height=\"1024\" src=\"https:\/\/ur.nzs.org.pl\/wp-content\/uploads\/2025\/06\/JNPD-71-1536x1024.jpg\" class=\"attachment-1536x1536 size-1536x1536 wp-image-1202\" alt=\"\" srcset=\"https:\/\/ur.nzs.org.pl\/wp-content\/uploads\/2025\/06\/JNPD-71-1536x1024.jpg 1536w, https:\/\/ur.nzs.org.pl\/wp-content\/uploads\/2025\/06\/JNPD-71-300x200.jpg 300w, https:\/\/ur.nzs.org.pl\/wp-content\/uploads\/2025\/06\/JNPD-71-1024x683.jpg 1024w, https:\/\/ur.nzs.org.pl\/wp-content\/uploads\/2025\/06\/JNPD-71-768x512.jpg 768w, https:\/\/ur.nzs.org.pl\/wp-content\/uploads\/2025\/06\/JNPD-71-2048x1365.jpg 2048w\" sizes=\"(max-width: 1536px) 100vw, 1536px\" \/>\t\t\t\t\t\t\t\t<\/a>\n\t\t\t\t\t\t\t\t\t\t\t\t\t\t\t<\/div>\n\t\t\t\t<\/div>\n\t\t\t\t<\/div>\n\t\t\t\t<div class=\"elementor-element elementor-element-a57f2cf elementor-widget__width-initial elementor-widget elementor-widget-text-editor\" data-id=\"a57f2cf\" data-element_type=\"widget\" data-e-type=\"widget\" data-widget_type=\"text-editor.default\">\n\t\t\t\t<div class=\"elementor-widget-container\">\n\t\t\t\t\t\t\t\t\t<p><b>Zarz\u0105d Organizacji Uczelnianej (ZOU) &#8211; <\/b>W sk\u0142ad Zarz\u0105du OU wchodzi od 3 do 7 cz\u0142onk\u00f3w, w tym Przewodnicz\u0105cy OU,<br \/>Sekretarz, Wiceprzewodnicz\u0105cy ds. Finansowych<br \/>oraz do 4 Wiceprzewodnicz\u0105cych lub Cz\u0142onk\u00f3w Zarz\u0105du OU.<\/p><p>List\u0119 aktualnego oraz poprzednich zarz\u0105d\u00f3w mo\u017cesz sprawdzi\u0107 klikaj\u0105c w zdj\u0119cie.<\/p>\t\t\t\t\t\t\t\t<\/div>\n\t\t\t\t<\/div>\n\t\t\t\t\t<\/div>\n\t\t\t\t<\/div>\n\t\t<div class=\"has_eae_slider elementor-element elementor-element-a3788a6 e-flex e-con-boxed e-con e-parent\" data-eae-slider=\"98164\" data-id=\"a3788a6\" data-element_type=\"container\" data-e-type=\"container\">\n\t\t\t\t\t<div class=\"e-con-inner\">\n\t\t\t\t<div class=\"elementor-element elementor-element-ef8f198 elementor-widget elementor-widget-spacer\" data-id=\"ef8f198\" data-element_type=\"widget\" data-e-type=\"widget\" data-widget_type=\"spacer.default\">\n\t\t\t\t<div class=\"elementor-widget-container\">\n\t\t\t\t\t\t\t<div class=\"elementor-spacer\">\n\t\t\t<div class=\"elementor-spacer-inner\"><\/div>\n\t\t<\/div>\n\t\t\t\t\t\t<\/div>\n\t\t\t\t<\/div>\n\t\t\t\t\t<\/div>\n\t\t\t\t<\/div>\n\t\t<div class=\"has_eae_slider elementor-element elementor-element-cfe1837 e-flex e-con-boxed e-con e-parent\" data-eae-slider=\"11453\" data-id=\"cfe1837\" data-element_type=\"container\" data-e-type=\"container\">\n\t\t\t\t\t<div class=\"e-con-inner\">\n\t\t\t\t<div class=\"elementor-element elementor-element-d253179 elementor-widget elementor-widget-spacer\" data-id=\"d253179\" data-element_type=\"widget\" data-e-type=\"widget\" data-widget_type=\"spacer.default\">\n\t\t\t\t<div class=\"elementor-widget-container\">\n\t\t\t\t\t\t\t<div class=\"elementor-spacer\">\n\t\t\t<div class=\"elementor-spacer-inner\"><\/div>\n\t\t<\/div>\n\t\t\t\t\t\t<\/div>\n\t\t\t\t<\/div>\n\t\t\t\t\t<\/div>\n\t\t\t\t<\/div>\n\t\t<div class=\"has_eae_slider elementor-element elementor-element-e1c2ccb e-flex e-con-boxed e-con e-parent\" data-eae-slider=\"1466\" data-id=\"e1c2ccb\" data-element_type=\"container\" data-e-type=\"container\">\n\t\t\t\t\t<div class=\"e-con-inner\">\n\t\t<div class=\"has_eae_slider elementor-element elementor-element-b538e87 e-con-full e-flex e-con e-child\" data-eae-slider=\"84651\" data-id=\"b538e87\" data-element_type=\"container\" data-e-type=\"container\" data-settings=\"{&quot;background_background&quot;:&quot;classic&quot;}\">\n\t\t\t\t<div class=\"elementor-element elementor-element-186f029 elementor-widget__width-initial elementor-widget elementor-widget-image\" data-id=\"186f029\" data-element_type=\"widget\" data-e-type=\"widget\" data-widget_type=\"image.default\">\n\t\t\t\t<div class=\"elementor-widget-container\">\n\t\t\t\t\t\t\t\t\t\t\t\t\t\t\t\t<a href=\"https:\/\/ur.nzs.org.pl\/index.php\/ukr-nzs-ur\/\" target=\"_blank\">\n\t\t\t\t\t\t\t<img loading=\"lazy\" decoding=\"async\" width=\"1024\" height=\"684\" src=\"https:\/\/ur.nzs.org.pl\/wp-content\/uploads\/2024\/12\/UKR-1024x684.jpg\" class=\"attachment-large size-large wp-image-644\" alt=\"\" srcset=\"https:\/\/ur.nzs.org.pl\/wp-content\/uploads\/2024\/12\/UKR-1024x684.jpg 1024w, https:\/\/ur.nzs.org.pl\/wp-content\/uploads\/2024\/12\/UKR-300x200.jpg 300w, https:\/\/ur.nzs.org.pl\/wp-content\/uploads\/2024\/12\/UKR-768x513.jpg 768w, https:\/\/ur.nzs.org.pl\/wp-content\/uploads\/2024\/12\/UKR-1536x1025.jpg 1536w, https:\/\/ur.nzs.org.pl\/wp-content\/uploads\/2024\/12\/UKR-2048x1367.jpg 2048w\" sizes=\"(max-width: 1024px) 100vw, 1024px\" \/>\t\t\t\t\t\t\t\t<\/a>\n\t\t\t\t\t\t\t\t\t\t\t\t\t\t\t<\/div>\n\t\t\t\t<\/div>\n\t\t\t\t<\/div>\n\t\t\t\t<div class=\"elementor-element elementor-element-58ba2de elementor-widget__width-initial elementor-widget elementor-widget-text-editor\" data-id=\"58ba2de\" data-element_type=\"widget\" data-e-type=\"widget\" data-widget_type=\"text-editor.default\">\n\t\t\t\t<div class=\"elementor-widget-container\">\n\t\t\t\t\t\t\t\t\t<p><b>Uczelniana Komisja Rewizyjna (UKR) &#8211; <\/b>W sk\u0142ad UKRu wcodzi od 3 do 5 os\u00f3b. Do ich zada\u0144 nale\u017cy .in. kontrola dzia\u0142alno\u015bci OU i nadz\u00f3r nad przestrzeganiem postanowie\u0144 Statutu Krajowego oraz eulamin OU.<\/p><p>List\u0119 aktualnego oraz poprzednich UKR mo\u017cesz sprawdzi\u0107 klikaj\u0105c w zdj\u0119cie.<\/p>\t\t\t\t\t\t\t\t<\/div>\n\t\t\t\t<\/div>\n\t\t\t\t\t<\/div>\n\t\t\t\t<\/div>\n\t\t<div class=\"has_eae_slider elementor-element elementor-element-aef1601 e-flex e-con-boxed e-con e-parent\" data-eae-slider=\"61155\" data-id=\"aef1601\" data-element_type=\"container\" data-e-type=\"container\">\n\t\t\t\t\t<div class=\"e-con-inner\">\n\t\t\t\t<div class=\"elementor-element elementor-element-914c533 elementor-widget elementor-widget-spacer\" data-id=\"914c533\" data-element_type=\"widget\" data-e-type=\"widget\" data-widget_type=\"spacer.default\">\n\t\t\t\t<div class=\"elementor-widget-container\">\n\t\t\t\t\t\t\t<div class=\"elementor-spacer\">\n\t\t\t<div class=\"elementor-spacer-inner\"><\/div>\n\t\t<\/div>\n\t\t\t\t\t\t<\/div>\n\t\t\t\t<\/div>\n\t\t\t\t\t<\/div>\n\t\t\t\t<\/div>\n\t\t<div class=\"has_eae_slider elementor-element elementor-element-72e01e2 e-flex e-con-boxed e-con e-parent\" data-eae-slider=\"56181\" data-id=\"72e01e2\" data-element_type=\"container\" data-e-type=\"container\">\n\t\t\t\t\t<div class=\"e-con-inner\">\n\t\t<div class=\"has_eae_slider elementor-element elementor-element-3602774 e-con-full e-flex e-con e-child\" data-eae-slider=\"93387\" data-id=\"3602774\" data-element_type=\"container\" data-e-type=\"container\" data-settings=\"{&quot;background_background&quot;:&quot;classic&quot;}\">\n\t\t\t\t<div class=\"elementor-element elementor-element-3ce0caf elementor-widget__width-initial elementor-widget elementor-widget-image\" data-id=\"3ce0caf\" data-element_type=\"widget\" data-e-type=\"widget\" data-widget_type=\"image.default\">\n\t\t\t\t<div class=\"elementor-widget-container\">\n\t\t\t\t\t\t\t\t\t\t\t\t\t\t\t\t<a href=\"https:\/\/ur.nzs.org.pl\/index.php\/uczelniani-czlonkowie-honorowi\/\" target=\"_blank\">\n\t\t\t\t\t\t\t<img loading=\"lazy\" decoding=\"async\" width=\"684\" height=\"1024\" src=\"https:\/\/ur.nzs.org.pl\/wp-content\/uploads\/2024\/12\/Kolodziej-Bialas-684x1024.jpg\" class=\"attachment-large size-large wp-image-576\" alt=\"\" srcset=\"https:\/\/ur.nzs.org.pl\/wp-content\/uploads\/2024\/12\/Kolodziej-Bialas-684x1024.jpg 684w, https:\/\/ur.nzs.org.pl\/wp-content\/uploads\/2024\/12\/Kolodziej-Bialas-200x300.jpg 200w, https:\/\/ur.nzs.org.pl\/wp-content\/uploads\/2024\/12\/Kolodziej-Bialas-768x1151.jpg 768w, https:\/\/ur.nzs.org.pl\/wp-content\/uploads\/2024\/12\/Kolodziej-Bialas-1025x1536.jpg 1025w, https:\/\/ur.nzs.org.pl\/wp-content\/uploads\/2024\/12\/Kolodziej-Bialas.jpg 1367w\" sizes=\"(max-width: 684px) 100vw, 684px\" \/>\t\t\t\t\t\t\t\t<\/a>\n\t\t\t\t\t\t\t\t\t\t\t\t\t\t\t<\/div>\n\t\t\t\t<\/div>\n\t\t\t\t<\/div>\n\t\t\t\t<div class=\"elementor-element elementor-element-7756f6f elementor-widget__width-initial elementor-widget elementor-widget-text-editor\" data-id=\"7756f6f\" data-element_type=\"widget\" data-e-type=\"widget\" data-widget_type=\"text-editor.default\">\n\t\t\t\t<div class=\"elementor-widget-container\">\n\t\t\t\t\t\t\t\t\t<p>\u00a0<\/p><p>\u00a0<\/p><p>\u00a0<\/p><p><b>Uczelniany Cz\u0142onek Honorowy (UCH) &#8211; <\/b>Osoba szczeg\u00f3lnie<br \/>zas\u0142u\u017cona dla NZS UR, nieb\u0119d\u0105ca Cz\u0142onkiem lub Sympatykiem.<\/p><p>Aktualn\u0105 list\u0119 UCH mo\u017cesz sprawdzi\u0107 klikaj\u0105c w zdj\u0119cie.<\/p>\t\t\t\t\t\t\t\t<\/div>\n\t\t\t\t<\/div>\n\t\t\t\t\t<\/div>\n\t\t\t\t<\/div>\n\t\t\t\t<\/div>\n\t\t","protected":false},"excerpt":{"rendered":"<p>\u00a0 \u00a0 Sympatyk &#8211; Osoba b\u0119d\u0105ca studentem lub doktorantem popieraj\u0105cym cele NZSUR i wykazuj\u0105cym ch\u0119\u0107 czynnego uczestnictwa w realizacji tych cel\u00f3w.Posiada wszelkie mo\u017cliwo\u015bci rozwoju w Organizacji z wy\u0142\u0105czeniem praw wyborczych czynnych i biernych. \u00a0Cz\u0142onek &#8211; Osoba b\u0119d\u0105ca studentem lub doktorantem popieraj\u0105ca cele NZS oraz deklaruj\u0105ca ch\u0119\u0107 czynnego uczestnictwa w realizacji tych cel\u00f3w.Posiada ona r\u00f3wnie\u017c pe\u0142ne [&hellip;]<\/p>\n","protected":false},"author":3,"featured_media":0,"parent":0,"menu_order":0,"comment_status":"closed","ping_status":"closed","template":"","meta":{"footnotes":""},"class_list":["post-18","page","type-page","status-publish","hentry"],"blocksy_meta":[],"_links":{"self":[{"href":"https:\/\/ur.nzs.org.pl\/index.php\/wp-json\/wp\/v2\/pages\/18","targetHints":{"allow":["GET"]}}],"collection":[{"href":"https:\/\/ur.nzs.org.pl\/index.php\/wp-json\/wp\/v2\/pages"}],"about":[{"href":"https:\/\/ur.nzs.org.pl\/index.php\/wp-json\/wp\/v2\/types\/page"}],"author":[{"embeddable":true,"href":"https:\/\/ur.nzs.org.pl\/index.php\/wp-json\/wp\/v2\/users\/3"}],"replies":[{"embeddable":true,"href":"https:\/\/ur.nzs.org.pl\/index.php\/wp-json\/wp\/v2\/comments?post=18"}],"version-history":[{"count":43,"href":"https:\/\/ur.nzs.org.pl\/index.php\/wp-json\/wp\/v2\/pages\/18\/revisions"}],"predecessor-version":[{"id":1205,"href":"https:\/\/ur.nzs.org.pl\/index.php\/wp-json\/wp\/v2\/pages\/18\/revisions\/1205"}],"wp:attachment":[{"href":"https:\/\/ur.nzs.org.pl\/index.php\/wp-json\/wp\/v2\/media?parent=18"}],"curies":[{"name":"wp","href":"https:\/\/api.w.org\/{rel}","templated":true}]}}