{"id":181,"date":"2023-12-18T15:20:03","date_gmt":"2023-12-18T15:20:03","guid":{"rendered":"https:\/\/ur.nzs.org.pl\/?page_id=181"},"modified":"2025-01-11T12:08:19","modified_gmt":"2025-01-11T12:08:19","slug":"maturalnie-z-nzs","status":"publish","type":"page","link":"https:\/\/ur.nzs.org.pl\/index.php\/maturalnie-z-nzs\/","title":{"rendered":"Maturalnie z NZS"},"content":{"rendered":"\n<div class=\"wp-block-media-text is-stacked-on-mobile\" style=\"grid-template-columns:40% auto\"><figure class=\"wp-block-media-text__media\"><img fetchpriority=\"high\" decoding=\"async\" width=\"1024\" height=\"405\" src=\"https:\/\/ur.nzs.org.pl\/wp-content\/uploads\/2023\/12\/55506936_389875721566428_4135589653874999296_n1-1024x405.png\" alt=\"Maturalnie z NZS\" class=\"wp-image-182 size-full\" srcset=\"https:\/\/ur.nzs.org.pl\/wp-content\/uploads\/2023\/12\/55506936_389875721566428_4135589653874999296_n1-1024x405.png 1024w, https:\/\/ur.nzs.org.pl\/wp-content\/uploads\/2023\/12\/55506936_389875721566428_4135589653874999296_n1-300x119.png 300w, https:\/\/ur.nzs.org.pl\/wp-content\/uploads\/2023\/12\/55506936_389875721566428_4135589653874999296_n1-768x304.png 768w, https:\/\/ur.nzs.org.pl\/wp-content\/uploads\/2023\/12\/55506936_389875721566428_4135589653874999296_n1-1536x608.png 1536w, https:\/\/ur.nzs.org.pl\/wp-content\/uploads\/2023\/12\/55506936_389875721566428_4135589653874999296_n1.png 1793w\" sizes=\"(max-width: 1024px) 100vw, 1024px\" \/><\/figure><div class=\"wp-block-media-text__content\">\n<p><strong>Maturalnie z NZS<\/strong> \u2013 wsparcie maturzyst\u00f3w w trudnym roku<\/p>\n\n\n\n<p>Maturalnie z NZS to projekt edukacyjny, kt\u00f3ry ma na celu wsparcie maturzyst\u00f3w w tym trudnym dla nich czasie. Projekt organizuje cykl event\u00f3w, kt\u00f3re maj\u0105 form\u0119 prelekcji lub warsztat\u00f3w. Zapraszamy w tym celu znane osoby ze \u015bwiata nauki (i nie tylko), aby podzieli\u0142y si\u0119 swoj\u0105 wiedz\u0105 i radami.<\/p>\n\n\n\n<p>Tematyka takich wydarze\u0144 jest r\u00f3\u017cnorodna. Poruszamy m.in. takie kwestie jak:<\/p>\n\n\n\n<ul class=\"wp-block-list\">\n<li>Metody efektywnej nauki \u2013 jak nauczy\u0107 si\u0119 szybko i skutecznie?<\/li>\n\n\n\n<li>Metody ograniczania stresu \u2013 jak radzi\u0107 sobie z napi\u0119ciem i l\u0119kiem przed matur\u0105?<\/li>\n\n\n\n<li>Doradztwo zawodowe \u2013 jak wybra\u0107 odpowiedni kierunek studi\u00f3w?<\/li>\n\n\n\n<li>Zdrowa dieta i nawyki \u2013 jak dba\u0107 o swoje zdrowie i kondycj\u0119 podczas przygotowa\u0144 do matury?<\/li>\n\n\n\n<li>Powt\u00f3rki przedmiotowe \u2013 jak utrwali\u0107 materia\u0142 z poszczeg\u00f3lnych przedmiot\u00f3w?<\/li>\n<\/ul>\n\n\n\n<p>Je\u015bli chcesz pomaga\u0107 innym jednocze\u015bnie zdobywaj\u0105c nowe umiej\u0119tno\u015bci, a przy okazji poznawa\u0107 tajniki efektywnej nauki, to koniecznie do nas do\u0142\u0105cz! Zapraszamy!<\/p>\n\n\n\n<p>Chcemy pokaza\u0107, \u017ce matura nie musi by\u0107 trudna i stresuj\u0105ca. Dzi\u0119ki naszym wydarzeniom maturzy\u015bci mog\u0105 zdoby\u0107 cenne umiej\u0119tno\u015bci i wiedz\u0119, kt\u00f3re pomog\u0105 im przygotowa\u0107 si\u0119 do egzaminu i osi\u0105gn\u0105\u0107 sukces.<\/p>\n<\/div><\/div>\n\n\n<ul class=\"wp-block-latest-posts__list wp-block-latest-posts\"><li><div class=\"wp-block-latest-posts__featured-image alignleft\"><a href=\"https:\/\/ur.nzs.org.pl\/index.php\/2024\/04\/22\/weekend-maturalne-z-nzs-ur-juz-za-nami\/\" aria-label=\"Weekend Maturalne z NZS UR ju\u017c za nami!\"><img decoding=\"async\" width=\"1024\" height=\"1024\" src=\"https:\/\/ur.nzs.org.pl\/wp-content\/uploads\/2024\/05\/1714122046548-1-1024x1024.webp\" class=\"attachment-large size-large wp-post-image\" alt=\"\" style=\"max-width:512px;max-height:512px;\" srcset=\"https:\/\/ur.nzs.org.pl\/wp-content\/uploads\/2024\/05\/1714122046548-1-1024x1024.webp 1024w, https:\/\/ur.nzs.org.pl\/wp-content\/uploads\/2024\/05\/1714122046548-1-300x300.webp 300w, https:\/\/ur.nzs.org.pl\/wp-content\/uploads\/2024\/05\/1714122046548-1-150x150.webp 150w, https:\/\/ur.nzs.org.pl\/wp-content\/uploads\/2024\/05\/1714122046548-1-768x768.webp 768w, https:\/\/ur.nzs.org.pl\/wp-content\/uploads\/2024\/05\/1714122046548-1.webp 1440w\" sizes=\"(max-width: 1024px) 100vw, 1024px\" \/><\/a><\/div><a class=\"wp-block-latest-posts__post-title\" href=\"https:\/\/ur.nzs.org.pl\/index.php\/2024\/04\/22\/weekend-maturalne-z-nzs-ur-juz-za-nami\/\">Weekend Maturalne z NZS UR ju\u017c za nami!<\/a><div class=\"wp-block-latest-posts__post-excerpt\">Przysz\u0142a pora na podsumowanie Weekendu Maturalnie z NZS UR W ramach tegorocznej edycji Weekendu Maturalnego mo\u017cna by\u0142o zobaczy\u0107 liczne grono maturzyst\u00f3w zwartych i gotowych do intensywnej pracy, kt\u00f3ra mamy nadziej\u0119 zaprocentuj\u0119 na zbli\u017caj\u0105cym si\u0119 egzaminie maturalnym \ud83d\udc68\u200d\ud83c\udf93\ud83d\udc69\u200d\ud83c\udf93 Taki wynik przer\u00f3s\u0142 nasze naj\u015bmielsze oczekiwania, dlatego z ca\u0142ego serducha dzi\u0119kujemy wszystkim osobom,\u2026 <a class=\"wp-block-latest-posts__read-more\" href=\"https:\/\/ur.nzs.org.pl\/index.php\/2024\/04\/22\/weekend-maturalne-z-nzs-ur-juz-za-nami\/\" rel=\"noopener noreferrer\">Dowiedz si\u0119 wi\u0119cej<span class=\"screen-reader-text\">: Weekend Maturalne z NZS UR ju\u017c za nami!<\/span><\/a><\/div><\/li>\n<li><div class=\"wp-block-latest-posts__featured-image alignleft\"><a href=\"https:\/\/ur.nzs.org.pl\/index.php\/2024\/04\/18\/zapisy-na-weekend-maturalne-z-nzs-ur\/\" aria-label=\"Zapisy Na Weekend Maturalne Z NZS UR\"><img decoding=\"async\" width=\"940\" height=\"788\" src=\"https:\/\/ur.nzs.org.pl\/wp-content\/uploads\/2024\/04\/437708071_410498555081413_3198500125621880701_n.jpg\" class=\"attachment-large size-large wp-post-image\" alt=\"Nasi Prelegenci na weekend Maturalny\" style=\"max-width:512px;max-height:512px;\" srcset=\"https:\/\/ur.nzs.org.pl\/wp-content\/uploads\/2024\/04\/437708071_410498555081413_3198500125621880701_n.jpg 940w, https:\/\/ur.nzs.org.pl\/wp-content\/uploads\/2024\/04\/437708071_410498555081413_3198500125621880701_n-300x251.jpg 300w, https:\/\/ur.nzs.org.pl\/wp-content\/uploads\/2024\/04\/437708071_410498555081413_3198500125621880701_n-768x644.jpg 768w\" sizes=\"(max-width: 940px) 100vw, 940px\" \/><\/a><\/div><a class=\"wp-block-latest-posts__post-title\" href=\"https:\/\/ur.nzs.org.pl\/index.php\/2024\/04\/18\/zapisy-na-weekend-maturalne-z-nzs-ur\/\">Zapisy Na Weekend Maturalne Z NZS UR<\/a><div class=\"wp-block-latest-posts__post-excerpt\">Przygotuj si\u0119 na Matur\u0119 z NZS UR!\n\n\ud83d\udcc5 Kiedy? 20-21 kwietnia\n\ud83d\udccd Gdzie? Uniwersytet Rzeszowski, budynek A0, aula Kula\n\nMaturzy\u015bci! Czy jeste\u015bcie gotowi na ostatni\u0105 prost\u0105 przed egzaminem dojrza\u0142o\u015bci? Uniwersytet Rzeszowski wraz z NZS UR zaprasza Was na bezp\u0142atne powt\u00f3rki z matematyki i angielskiego. To idealna okazja, aby upewni\u0107 si\u0119, \u017ce jeste\u015bcie gotowi na wszystkie wyzwania, kt\u00f3re przyniesie matura.\n\nDlaczego warto do\u0142\u0105czy\u0107?\n\nProfesjonalne przygotowanie do egzamin\u00f3w\nMo\u017cliwo\u015b\u0107 zadania pyta\u0144 ekspertom\nBezp\u0142atne materia\u0142y edukacyjne\n\u015awietna atmosfera i wsparcie r\u00f3wie\u015bnik\u00f3w\nNie przegapcie tej szansy na solidne przygotowanie do jednego z najwa\u017cniejszych egzamin\u00f3w w Waszym \u017cyciu. Liczba miejsc jest ograniczona, wi\u0119c nie zwlekajcie z rejestracj\u0105!<\/div><\/li>\n<\/ul>","protected":false},"excerpt":{"rendered":"","protected":false},"author":3,"featured_media":0,"parent":0,"menu_order":0,"comment_status":"closed","ping_status":"closed","template":"","meta":{"footnotes":""},"class_list":["post-181","page","type-page","status-publish","hentry"],"blocksy_meta":[],"_links":{"self":[{"href":"https:\/\/ur.nzs.org.pl\/index.php\/wp-json\/wp\/v2\/pages\/181","targetHints":{"allow":["GET"]}}],"collection":[{"href":"https:\/\/ur.nzs.org.pl\/index.php\/wp-json\/wp\/v2\/pages"}],"about":[{"href":"https:\/\/ur.nzs.org.pl\/index.php\/wp-json\/wp\/v2\/types\/page"}],"author":[{"embeddable":true,"href":"https:\/\/ur.nzs.org.pl\/index.php\/wp-json\/wp\/v2\/users\/3"}],"replies":[{"embeddable":true,"href":"https:\/\/ur.nzs.org.pl\/index.php\/wp-json\/wp\/v2\/comments?post=181"}],"version-history":[{"count":3,"href":"https:\/\/ur.nzs.org.pl\/index.php\/wp-json\/wp\/v2\/pages\/181\/revisions"}],"predecessor-version":[{"id":843,"href":"https:\/\/ur.nzs.org.pl\/index.php\/wp-json\/wp\/v2\/pages\/181\/revisions\/843"}],"wp:attachment":[{"href":"https:\/\/ur.nzs.org.pl\/index.php\/wp-json\/wp\/v2\/media?parent=181"}],"curies":[{"name":"wp","href":"https:\/\/api.w.org\/{rel}","templated":true}]}}