{"id":347,"date":"2024-03-13T21:50:45","date_gmt":"2024-03-13T21:50:45","guid":{"rendered":"https:\/\/ur.nzs.org.pl\/?page_id=347"},"modified":"2024-03-13T21:50:45","modified_gmt":"2024-03-13T21:50:45","slug":"studencki-nobel","status":"publish","type":"page","link":"https:\/\/ur.nzs.org.pl\/index.php\/studencki-nobel\/","title":{"rendered":"Studencki Nobel"},"content":{"rendered":"\n<div class=\"wp-block-media-text is-stacked-on-mobile\"><figure class=\"wp-block-media-text__media\"><img fetchpriority=\"high\" decoding=\"async\" width=\"1024\" height=\"458\" src=\"https:\/\/ur.nzs.org.pl\/wp-content\/uploads\/2024\/02\/studencki-nobel-ue-katowice.jpg\" alt=\"\" class=\"wp-image-324 size-full\" srcset=\"https:\/\/ur.nzs.org.pl\/wp-content\/uploads\/2024\/02\/studencki-nobel-ue-katowice.jpg 1024w, https:\/\/ur.nzs.org.pl\/wp-content\/uploads\/2024\/02\/studencki-nobel-ue-katowice-300x134.jpg 300w, https:\/\/ur.nzs.org.pl\/wp-content\/uploads\/2024\/02\/studencki-nobel-ue-katowice-768x344.jpg 768w\" sizes=\"(max-width: 1024px) 100vw, 1024px\" \/><\/figure><div class=\"wp-block-media-text__content\">\n<p><strong>Studencki Nobel<\/strong>\u00a0jest cyklicznym konkursem stypendialnym organizowanym przez Niezale\u017cne Zrzeszenie Student\u00f3w. Jego cel to wyr\u00f3\u017cnienie student\u00f3w, kt\u00f3rzy posiadaj\u0105 osi\u0105gni\u0119cia na r\u00f3\u017cnych polach: naukowym, artystycznym oraz spo\u0142ecznym.<br>Jest jedynym konkursem stypendialnym w Polsce, kt\u00f3ry jest w pe\u0142ni tworzony przez organizacj\u0119 studenck\u0105. 9 kategorii wpisuje si\u0119 w powszechne trendy innowacyjno\u015bci\u00a0\u00a0\u00a0\u00a0\u00a0\u00a0\u00a0\u00a0\u00a0\u00a0 i inwestowania w kapita\u0142 ludzki. Dzi\u0119ki temu m\u0142odzi ludzie maj\u0105 mo\u017cliwo\u015b\u0107 wykorzystania swoich osi\u0105gni\u0119\u0107 i zaistnienia w \u015bwiecie biznesu, nauki i kultury. <br>Aktualne informacje znajdziesz na <a href=\"https:\/\/www.facebook.com\/StudenckiNobelpl\" data-type=\"link\" data-id=\"https:\/\/www.facebook.com\/StudenckiNobelpl\">FP Studenckiego Nobla<\/a><\/p>\n<\/div><\/div>\n\n\n\n<div class=\"wp-block-query is-layout-flow wp-block-query-is-layout-flow\"><ul class=\"wp-block-post-template is-layout-flow wp-block-post-template-is-layout-flow\"><li class=\"wp-block-post post-344 post type-post status-publish format-standard has-post-thumbnail hentry category-studencki-nobel\">\n<h2 class=\"wp-block-post-title\"><a href=\"https:\/\/ur.nzs.org.pl\/index.php\/2024\/03\/13\/zapisy-na-konferencje-ai-a-wspolczesne-kierunki-studiow-szanse-czy-zagrozenia-juz-ruszyly\/\" target=\"_self\" >Zapisy na Konferencj\u0119 &#8222;AI a wsp\u00f3\u0142czesne kierunki studi\u00f3w &#8211; szanse czy zagro\u017cenia?&#8221; ju\u017c ruszy\u0142y!<\/a><\/h2>\n\n<figure class=\"alignwide wp-block-post-featured-image\"><a href=\"https:\/\/ur.nzs.org.pl\/index.php\/2024\/03\/13\/zapisy-na-konferencje-ai-a-wspolczesne-kierunki-studiow-szanse-czy-zagrozenia-juz-ruszyly\/\" target=\"_self\"  ><img decoding=\"async\" width=\"1640\" height=\"924\" src=\"https:\/\/ur.nzs.org.pl\/wp-content\/uploads\/2024\/03\/Tlo-do-konferencj.png\" class=\"attachment-post-thumbnail size-post-thumbnail wp-post-image\" alt=\"Zapisy na Konferencj\u0119 &#8222;AI a wsp\u00f3\u0142czesne kierunki studi\u00f3w &#8211; szanse czy zagro\u017cenia?&#8221; ju\u017c ruszy\u0142y!\" style=\"object-fit:cover;\" srcset=\"https:\/\/ur.nzs.org.pl\/wp-content\/uploads\/2024\/03\/Tlo-do-konferencj.png 1640w, https:\/\/ur.nzs.org.pl\/wp-content\/uploads\/2024\/03\/Tlo-do-konferencj-300x169.png 300w, https:\/\/ur.nzs.org.pl\/wp-content\/uploads\/2024\/03\/Tlo-do-konferencj-1024x577.png 1024w, https:\/\/ur.nzs.org.pl\/wp-content\/uploads\/2024\/03\/Tlo-do-konferencj-768x433.png 768w, https:\/\/ur.nzs.org.pl\/wp-content\/uploads\/2024\/03\/Tlo-do-konferencj-1536x865.png 1536w\" sizes=\"(max-width: 1640px) 100vw, 1640px\" \/><\/a><\/figure>\n\n<div class=\"wp-block-post-excerpt\"><p class=\"wp-block-post-excerpt__excerpt\">\ud83c\udf10 Konferencja &#8222;AI a wsp\u00f3\u0142czesne kierunki studi\u00f3w &#8211; szanse czy zagro\u017cenia?&#8221; jest cz\u0119\u015bci\u0105 og\u00f3lnopolskiego projektu Studencki Nobel, b\u0119d\u0105cego cyklicznym konkursem stypendialnym organizowanym przez Niezale\u017cne Zrzeszenie Student\u00f3w. Celem tego przedsi\u0119wzi\u0119cia jest wyr\u00f3\u017cnienie student\u00f3w, kt\u00f3rzy wykazuj\u0105 si\u0119 osi\u0105gni\u0119ciami na r\u00f3\u017cnych p\u0142aszczyznach: naukowej, artystycznej oraz spo\u0142ecznej. \ud83d\udc65\ud83e\uddbe Na tej konferencji omawiane b\u0119d\u0105: Terminy: Zapraszamy do wzi\u0119cia udzia\u0142u student\u00f3w&hellip; <\/p><\/div>\n\n\n<hr class=\"wp-block-separator has-css-opacity\"\/>\n\n\n<div class=\"wp-block-post-date\"><time datetime=\"2024-03-13T21:38:53+00:00\">13 marca, 2024<\/time><\/div>\n<\/li><\/ul><\/div>\n","protected":false},"excerpt":{"rendered":"<p>Studencki Nobel\u00a0jest cyklicznym konkursem stypendialnym organizowanym przez Niezale\u017cne Zrzeszenie Student\u00f3w. Jego cel to wyr\u00f3\u017cnienie student\u00f3w, kt\u00f3rzy posiadaj\u0105 osi\u0105gni\u0119cia na r\u00f3\u017cnych polach: naukowym, artystycznym oraz spo\u0142ecznym.Jest jedynym konkursem stypendialnym w Polsce, kt\u00f3ry jest w pe\u0142ni tworzony przez organizacj\u0119 studenck\u0105. 9 kategorii wpisuje si\u0119 w powszechne trendy innowacyjno\u015bci\u00a0\u00a0\u00a0\u00a0\u00a0\u00a0\u00a0\u00a0\u00a0\u00a0 i inwestowania w kapita\u0142 ludzki. Dzi\u0119ki temu m\u0142odzi ludzie [&hellip;]<\/p>\n","protected":false},"author":2,"featured_media":0,"parent":0,"menu_order":0,"comment_status":"closed","ping_status":"closed","template":"","meta":{"footnotes":""},"class_list":["post-347","page","type-page","status-publish","hentry"],"blocksy_meta":[],"_links":{"self":[{"href":"https:\/\/ur.nzs.org.pl\/index.php\/wp-json\/wp\/v2\/pages\/347","targetHints":{"allow":["GET"]}}],"collection":[{"href":"https:\/\/ur.nzs.org.pl\/index.php\/wp-json\/wp\/v2\/pages"}],"about":[{"href":"https:\/\/ur.nzs.org.pl\/index.php\/wp-json\/wp\/v2\/types\/page"}],"author":[{"embeddable":true,"href":"https:\/\/ur.nzs.org.pl\/index.php\/wp-json\/wp\/v2\/users\/2"}],"replies":[{"embeddable":true,"href":"https:\/\/ur.nzs.org.pl\/index.php\/wp-json\/wp\/v2\/comments?post=347"}],"version-history":[{"count":1,"href":"https:\/\/ur.nzs.org.pl\/index.php\/wp-json\/wp\/v2\/pages\/347\/revisions"}],"predecessor-version":[{"id":348,"href":"https:\/\/ur.nzs.org.pl\/index.php\/wp-json\/wp\/v2\/pages\/347\/revisions\/348"}],"wp:attachment":[{"href":"https:\/\/ur.nzs.org.pl\/index.php\/wp-json\/wp\/v2\/media?parent=347"}],"curies":[{"name":"wp","href":"https:\/\/api.w.org\/{rel}","templated":true}]}}