{"id":64,"date":"2023-11-27T19:59:28","date_gmt":"2023-11-27T19:59:28","guid":{"rendered":"https:\/\/ur.nzs.org.pl\/?page_id=64"},"modified":"2025-11-18T12:41:32","modified_gmt":"2025-11-18T12:41:32","slug":"zarzad-nzs-ur","status":"publish","type":"page","link":"https:\/\/ur.nzs.org.pl\/index.php\/zarzad-nzs-ur\/","title":{"rendered":"Zarz\u0105d NZS UR"},"content":{"rendered":"\t\t<div data-elementor-type=\"wp-page\" data-elementor-id=\"64\" class=\"elementor elementor-64\">\n\t\t\t\t<div class=\"has_eae_slider elementor-element elementor-element-24499b4 e-flex e-con-boxed e-con e-parent\" data-eae-slider=\"23146\" data-id=\"24499b4\" data-element_type=\"container\" data-e-type=\"container\">\n\t\t\t\t\t<div class=\"e-con-inner\">\n\t\t\t\t<div class=\"elementor-element elementor-element-32f5e39 elementor-widget elementor-widget-heading\" data-id=\"32f5e39\" data-element_type=\"widget\" data-e-type=\"widget\" data-widget_type=\"heading.default\">\n\t\t\t\t<div class=\"elementor-widget-container\">\n\t\t\t\t\t<h2 class=\"elementor-heading-title elementor-size-default\">Zarz\u0105d NZS UR 2025\/26<\/h2>\t\t\t\t<\/div>\n\t\t\t\t<\/div>\n\t\t\t\t<div class=\"elementor-element elementor-element-8e889bf elementor-widget-divider--view-line elementor-widget elementor-widget-divider\" data-id=\"8e889bf\" data-element_type=\"widget\" data-e-type=\"widget\" data-widget_type=\"divider.default\">\n\t\t\t\t<div class=\"elementor-widget-container\">\n\t\t\t\t\t\t\t<div class=\"elementor-divider\">\n\t\t\t<span class=\"elementor-divider-separator\">\n\t\t\t\t\t\t<\/span>\n\t\t<\/div>\n\t\t\t\t\t\t<\/div>\n\t\t\t\t<\/div>\n\t\t\t\t\t<\/div>\n\t\t\t\t<\/div>\n\t\t<div class=\"has_eae_slider elementor-element elementor-element-5105323 e-flex e-con-boxed e-con e-parent\" data-eae-slider=\"96059\" data-id=\"5105323\" data-element_type=\"container\" data-e-type=\"container\">\n\t\t\t\t\t<div class=\"e-con-inner\">\n\t\t\t\t<div class=\"elementor-element elementor-element-f169a03 elementor-widget elementor-widget-spacer\" data-id=\"f169a03\" data-element_type=\"widget\" data-e-type=\"widget\" data-widget_type=\"spacer.default\">\n\t\t\t\t<div class=\"elementor-widget-container\">\n\t\t\t\t\t\t\t<div class=\"elementor-spacer\">\n\t\t\t<div class=\"elementor-spacer-inner\"><\/div>\n\t\t<\/div>\n\t\t\t\t\t\t<\/div>\n\t\t\t\t<\/div>\n\t\t\t\t\t<\/div>\n\t\t\t\t<\/div>\n\t\t<div class=\"has_eae_slider elementor-element elementor-element-f396d39 e-con-full e-flex e-con e-parent\" data-eae-slider=\"9481\" data-id=\"f396d39\" data-element_type=\"container\" data-e-type=\"container\">\n\t\t<div class=\"has_eae_slider elementor-element elementor-element-60ee6a9 e-con-full e-flex e-con e-child\" data-eae-slider=\"59598\" data-id=\"60ee6a9\" data-element_type=\"container\" data-e-type=\"container\" data-settings=\"{&quot;background_background&quot;:&quot;classic&quot;}\">\n\t\t\t\t<div class=\"elementor-element elementor-element-756fc02 elementor-widget elementor-widget-image\" data-id=\"756fc02\" data-element_type=\"widget\" data-e-type=\"widget\" data-widget_type=\"image.default\">\n\t\t\t\t<div class=\"elementor-widget-container\">\n\t\t\t\t\t\t\t\t\t\t\t\t\t\t\t<img fetchpriority=\"high\" decoding=\"async\" width=\"683\" height=\"1024\" src=\"https:\/\/ur.nzs.org.pl\/wp-content\/uploads\/2025\/06\/JNPD-65-683x1024.jpg\" class=\"attachment-large size-large wp-image-1210\" alt=\"\" srcset=\"https:\/\/ur.nzs.org.pl\/wp-content\/uploads\/2025\/06\/JNPD-65-683x1024.jpg 683w, https:\/\/ur.nzs.org.pl\/wp-content\/uploads\/2025\/06\/JNPD-65-200x300.jpg 200w, https:\/\/ur.nzs.org.pl\/wp-content\/uploads\/2025\/06\/JNPD-65-768x1152.jpg 768w, https:\/\/ur.nzs.org.pl\/wp-content\/uploads\/2025\/06\/JNPD-65-1024x1536.jpg 1024w, https:\/\/ur.nzs.org.pl\/wp-content\/uploads\/2025\/06\/JNPD-65-1365x2048.jpg 1365w, https:\/\/ur.nzs.org.pl\/wp-content\/uploads\/2025\/06\/JNPD-65-scaled.jpg 1707w\" sizes=\"(max-width: 683px) 100vw, 683px\" \/>\t\t\t\t\t\t\t\t\t\t\t\t\t\t\t<\/div>\n\t\t\t\t<\/div>\n\t\t\t\t<div class=\"elementor-element elementor-element-bc4bd86 elementor-widget elementor-widget-heading\" data-id=\"bc4bd86\" data-element_type=\"widget\" data-e-type=\"widget\" data-widget_type=\"heading.default\">\n\t\t\t\t<div class=\"elementor-widget-container\">\n\t\t\t\t\t<h4 class=\"elementor-heading-title elementor-size-default\">Daria W\u0119grzyn<\/h4>\t\t\t\t<\/div>\n\t\t\t\t<\/div>\n\t\t\t\t<div class=\"elementor-element elementor-element-197cd25 elementor-widget elementor-widget-text-editor\" data-id=\"197cd25\" data-element_type=\"widget\" data-e-type=\"widget\" data-widget_type=\"text-editor.default\">\n\t\t\t\t<div class=\"elementor-widget-container\">\n\t\t\t\t\t\t\t\t\t<p>Przewodnicz\u0105ca NZS UR<\/p><p>E-mail: <a href=\"mailto:daria.wegrzyn@nzs.org.pl\">daria.wegrzyn@nzs.org.pl<\/a><\/p><p>Tel.: <span class=\"x193iq5w xeuugli x13faqbe x1vvkbs x1xmvt09 x1lliihq x1s928wv xhkezso x1gmr53x x1cpjm7i x1fgarty x1943h6x xudqn12 x3x7a5m x6prxxf xvq8zen xo1l8bm xi81zsa x1yc453h\" dir=\"auto\"><span class=\"x193iq5w xeuugli x13faqbe x1vvkbs x1xmvt09 x6prxxf xvq8zen xo1l8bm xzsf02u\">780 036 005<\/span><\/span><\/p>\t\t\t\t\t\t\t\t<\/div>\n\t\t\t\t<\/div>\n\t\t\t\t<\/div>\n\t\t<div class=\"has_eae_slider elementor-element elementor-element-4baf428 e-con-full e-flex e-con e-child\" data-eae-slider=\"30696\" data-id=\"4baf428\" data-element_type=\"container\" data-e-type=\"container\" data-settings=\"{&quot;background_background&quot;:&quot;classic&quot;}\">\n\t\t\t\t<div class=\"elementor-element elementor-element-a0122f3 elementor-widget elementor-widget-image\" data-id=\"a0122f3\" data-element_type=\"widget\" data-e-type=\"widget\" data-widget_type=\"image.default\">\n\t\t\t\t<div class=\"elementor-widget-container\">\n\t\t\t\t\t\t\t\t\t\t\t\t\t\t\t<img decoding=\"async\" width=\"683\" height=\"1024\" src=\"https:\/\/ur.nzs.org.pl\/wp-content\/uploads\/2025\/06\/JNPD-58-683x1024.jpg\" class=\"attachment-large size-large wp-image-1208\" alt=\"\" srcset=\"https:\/\/ur.nzs.org.pl\/wp-content\/uploads\/2025\/06\/JNPD-58-683x1024.jpg 683w, https:\/\/ur.nzs.org.pl\/wp-content\/uploads\/2025\/06\/JNPD-58-200x300.jpg 200w, https:\/\/ur.nzs.org.pl\/wp-content\/uploads\/2025\/06\/JNPD-58-768x1152.jpg 768w, https:\/\/ur.nzs.org.pl\/wp-content\/uploads\/2025\/06\/JNPD-58-1024x1536.jpg 1024w, https:\/\/ur.nzs.org.pl\/wp-content\/uploads\/2025\/06\/JNPD-58-1365x2048.jpg 1365w, https:\/\/ur.nzs.org.pl\/wp-content\/uploads\/2025\/06\/JNPD-58-scaled.jpg 1707w\" sizes=\"(max-width: 683px) 100vw, 683px\" \/>\t\t\t\t\t\t\t\t\t\t\t\t\t\t\t<\/div>\n\t\t\t\t<\/div>\n\t\t\t\t<div class=\"elementor-element elementor-element-0bf42d7 elementor-widget elementor-widget-heading\" data-id=\"0bf42d7\" data-element_type=\"widget\" data-e-type=\"widget\" data-widget_type=\"heading.default\">\n\t\t\t\t<div class=\"elementor-widget-container\">\n\t\t\t\t\t<h4 class=\"elementor-heading-title elementor-size-default\">Bart\u0142omiej Babicz<\/h4>\t\t\t\t<\/div>\n\t\t\t\t<\/div>\n\t\t\t\t<div class=\"elementor-element elementor-element-0bef0a4 elementor-widget__width-initial elementor-widget elementor-widget-text-editor\" data-id=\"0bef0a4\" data-element_type=\"widget\" data-e-type=\"widget\" data-widget_type=\"text-editor.default\">\n\t\t\t\t<div class=\"elementor-widget-container\">\n\t\t\t\t\t\t\t\t\t<p>Sekretarz NZS UR<\/p><p>E-mail: <a href=\"mailto:bartlomiej.babicz@nzs.org.pl\">bartlomiej.babicz@nzs.org.pl<\/a><\/p><p>Tel.: 604 364 592<\/p>\t\t\t\t\t\t\t\t<\/div>\n\t\t\t\t<\/div>\n\t\t\t\t<\/div>\n\t\t<div class=\"has_eae_slider elementor-element elementor-element-97d1b25 e-con-full e-flex e-con e-child\" data-eae-slider=\"27902\" data-id=\"97d1b25\" data-element_type=\"container\" data-e-type=\"container\" data-settings=\"{&quot;background_background&quot;:&quot;classic&quot;}\">\n\t\t\t\t<div class=\"elementor-element elementor-element-f5c977f elementor-widget elementor-widget-image\" data-id=\"f5c977f\" data-element_type=\"widget\" data-e-type=\"widget\" data-widget_type=\"image.default\">\n\t\t\t\t<div class=\"elementor-widget-container\">\n\t\t\t\t\t\t\t\t\t\t\t\t\t\t\t<img decoding=\"async\" width=\"683\" height=\"1024\" src=\"https:\/\/ur.nzs.org.pl\/wp-content\/uploads\/2025\/06\/Konrad_Szyszla-683x1024.jpg\" class=\"attachment-large size-large wp-image-1206\" alt=\"\" srcset=\"https:\/\/ur.nzs.org.pl\/wp-content\/uploads\/2025\/06\/Konrad_Szyszla-683x1024.jpg 683w, https:\/\/ur.nzs.org.pl\/wp-content\/uploads\/2025\/06\/Konrad_Szyszla-200x300.jpg 200w, https:\/\/ur.nzs.org.pl\/wp-content\/uploads\/2025\/06\/Konrad_Szyszla-768x1152.jpg 768w, https:\/\/ur.nzs.org.pl\/wp-content\/uploads\/2025\/06\/Konrad_Szyszla-1024x1536.jpg 1024w, https:\/\/ur.nzs.org.pl\/wp-content\/uploads\/2025\/06\/Konrad_Szyszla-1365x2048.jpg 1365w, https:\/\/ur.nzs.org.pl\/wp-content\/uploads\/2025\/06\/Konrad_Szyszla-scaled.jpg 1707w\" sizes=\"(max-width: 683px) 100vw, 683px\" \/>\t\t\t\t\t\t\t\t\t\t\t\t\t\t\t<\/div>\n\t\t\t\t<\/div>\n\t\t\t\t<div class=\"elementor-element elementor-element-d947297 elementor-widget elementor-widget-heading\" data-id=\"d947297\" data-element_type=\"widget\" data-e-type=\"widget\" data-widget_type=\"heading.default\">\n\t\t\t\t<div class=\"elementor-widget-container\">\n\t\t\t\t\t<h4 class=\"elementor-heading-title elementor-size-default\">Konrad Szyszlak<\/h4>\t\t\t\t<\/div>\n\t\t\t\t<\/div>\n\t\t\t\t<div class=\"elementor-element elementor-element-f13667b elementor-widget__width-initial elementor-widget elementor-widget-text-editor\" data-id=\"f13667b\" data-element_type=\"widget\" data-e-type=\"widget\" data-widget_type=\"text-editor.default\">\n\t\t\t\t<div class=\"elementor-widget-container\">\n\t\t\t\t\t\t\t\t\t<p>Wiceprzewodnicz\u0105cy ds. Finansowych NZS UR<\/p><p>E-mail:<span style=\"color: #000000;\"> <span style=\"color: #3366ff;\"><a style=\"color: #3366ff;\" href=\"mailto:konrad.szyszlak@nzs.org.pl\">konrad.szyszlak@nzs.org.pl<\/a><\/span><\/span><\/p><p>Tel.: 693 308 185<\/p>\t\t\t\t\t\t\t\t<\/div>\n\t\t\t\t<\/div>\n\t\t\t\t<\/div>\n\t\t<div class=\"has_eae_slider elementor-element elementor-element-e8e932b e-con-full e-flex e-con e-child\" data-eae-slider=\"26121\" data-id=\"e8e932b\" data-element_type=\"container\" data-e-type=\"container\" data-settings=\"{&quot;background_background&quot;:&quot;classic&quot;}\">\n\t\t\t\t<div class=\"elementor-element elementor-element-046a123 elementor-widget elementor-widget-image\" data-id=\"046a123\" data-element_type=\"widget\" data-e-type=\"widget\" data-widget_type=\"image.default\">\n\t\t\t\t<div class=\"elementor-widget-container\">\n\t\t\t\t\t\t\t\t\t\t\t\t\t\t\t<img loading=\"lazy\" decoding=\"async\" width=\"683\" height=\"1024\" src=\"https:\/\/ur.nzs.org.pl\/wp-content\/uploads\/2025\/06\/JNPD-56-683x1024.jpg\" class=\"attachment-large size-large wp-image-1209\" alt=\"\" srcset=\"https:\/\/ur.nzs.org.pl\/wp-content\/uploads\/2025\/06\/JNPD-56-683x1024.jpg 683w, https:\/\/ur.nzs.org.pl\/wp-content\/uploads\/2025\/06\/JNPD-56-200x300.jpg 200w, https:\/\/ur.nzs.org.pl\/wp-content\/uploads\/2025\/06\/JNPD-56-768x1152.jpg 768w, https:\/\/ur.nzs.org.pl\/wp-content\/uploads\/2025\/06\/JNPD-56-1024x1536.jpg 1024w, https:\/\/ur.nzs.org.pl\/wp-content\/uploads\/2025\/06\/JNPD-56-1365x2048.jpg 1365w, https:\/\/ur.nzs.org.pl\/wp-content\/uploads\/2025\/06\/JNPD-56-scaled.jpg 1706w\" sizes=\"(max-width: 683px) 100vw, 683px\" \/>\t\t\t\t\t\t\t\t\t\t\t\t\t\t\t<\/div>\n\t\t\t\t<\/div>\n\t\t\t\t<div class=\"elementor-element elementor-element-e8ad760 elementor-widget elementor-widget-heading\" data-id=\"e8ad760\" data-element_type=\"widget\" data-e-type=\"widget\" data-widget_type=\"heading.default\">\n\t\t\t\t<div class=\"elementor-widget-container\">\n\t\t\t\t\t<h4 class=\"elementor-heading-title elementor-size-default\">Zofia Bia\u0142ow\u0105s<\/h4>\t\t\t\t<\/div>\n\t\t\t\t<\/div>\n\t\t\t\t<div class=\"elementor-element elementor-element-e0b6781 elementor-widget__width-initial elementor-widget elementor-widget-text-editor\" data-id=\"e0b6781\" data-element_type=\"widget\" data-e-type=\"widget\" data-widget_type=\"text-editor.default\">\n\t\t\t\t<div class=\"elementor-widget-container\">\n\t\t\t\t\t\t\t\t\t<p>Wiceprzewodnicz\u0105ca ds. HR NZS UR<\/p><p>E-mail: <a href=\"mailto:zofia.bialowas@nzs.org.pl\">zofia.bialowas@nzs.org.pl<\/a><\/p><p>Tel.: 696 130 373<\/p>\t\t\t\t\t\t\t\t<\/div>\n\t\t\t\t<\/div>\n\t\t\t\t<\/div>\n\t\t\t\t<\/div>\n\t\t<div class=\"has_eae_slider elementor-element elementor-element-03d5d64 e-flex e-con-boxed e-con e-parent\" data-eae-slider=\"70357\" data-id=\"03d5d64\" data-element_type=\"container\" data-e-type=\"container\">\n\t\t\t\t\t<div class=\"e-con-inner\">\n\t\t\t\t<div class=\"elementor-element elementor-element-7412662 elementor-widget elementor-widget-heading\" data-id=\"7412662\" data-element_type=\"widget\" data-e-type=\"widget\" data-widget_type=\"heading.default\">\n\t\t\t\t<div class=\"elementor-widget-container\">\n\t\t\t\t\t<h2 class=\"elementor-heading-title elementor-size-default\"><a href=\"https:\/\/ur.nzs.org.pl\/index.php\/archiwum-wladz-nzs-ur\/\">Poprzednie w\u0142adze NZS UR<\/a><\/h2>\t\t\t\t<\/div>\n\t\t\t\t<\/div>\n\t\t\t\t\t<\/div>\n\t\t\t\t<\/div>\n\t\t\t\t<\/div>\n\t\t","protected":false},"excerpt":{"rendered":"<p>Zarz\u0105d NZS UR 2025\/26 Daria W\u0119grzyn Przewodnicz\u0105ca NZS UR E-mail: daria.wegrzyn@nzs.org.pl Tel.: 780 036 005 Bart\u0142omiej Babicz Sekretarz NZS UR E-mail: bartlomiej.babicz@nzs.org.pl Tel.: 604 364 592 Konrad Szyszlak Wiceprzewodnicz\u0105cy ds. Finansowych NZS UR E-mail: konrad.szyszlak@nzs.org.pl Tel.: 693 308 185 Zofia Bia\u0142ow\u0105s Wiceprzewodnicz\u0105ca ds. HR NZS UR E-mail: zofia.bialowas@nzs.org.pl Tel.: 696 130 373 Poprzednie w\u0142adze NZS [&hellip;]<\/p>\n","protected":false},"author":3,"featured_media":0,"parent":0,"menu_order":0,"comment_status":"closed","ping_status":"closed","template":"","meta":{"footnotes":""},"class_list":["post-64","page","type-page","status-publish","hentry"],"blocksy_meta":[],"_links":{"self":[{"href":"https:\/\/ur.nzs.org.pl\/index.php\/wp-json\/wp\/v2\/pages\/64","targetHints":{"allow":["GET"]}}],"collection":[{"href":"https:\/\/ur.nzs.org.pl\/index.php\/wp-json\/wp\/v2\/pages"}],"about":[{"href":"https:\/\/ur.nzs.org.pl\/index.php\/wp-json\/wp\/v2\/types\/page"}],"author":[{"embeddable":true,"href":"https:\/\/ur.nzs.org.pl\/index.php\/wp-json\/wp\/v2\/users\/3"}],"replies":[{"embeddable":true,"href":"https:\/\/ur.nzs.org.pl\/index.php\/wp-json\/wp\/v2\/comments?post=64"}],"version-history":[{"count":223,"href":"https:\/\/ur.nzs.org.pl\/index.php\/wp-json\/wp\/v2\/pages\/64\/revisions"}],"predecessor-version":[{"id":1266,"href":"https:\/\/ur.nzs.org.pl\/index.php\/wp-json\/wp\/v2\/pages\/64\/revisions\/1266"}],"wp:attachment":[{"href":"https:\/\/ur.nzs.org.pl\/index.php\/wp-json\/wp\/v2\/media?parent=64"}],"curies":[{"name":"wp","href":"https:\/\/api.w.org\/{rel}","templated":true}]}}