{"id":914,"date":"2025-01-21T12:54:52","date_gmt":"2025-01-21T12:54:52","guid":{"rendered":"https:\/\/ur.nzs.org.pl\/?page_id=914"},"modified":"2025-06-09T09:33:19","modified_gmt":"2025-06-09T09:33:19","slug":"ukr-nzs-ur","status":"publish","type":"page","link":"https:\/\/ur.nzs.org.pl\/index.php\/ukr-nzs-ur\/","title":{"rendered":"UKR NZS UR"},"content":{"rendered":"\t\t<div data-elementor-type=\"wp-page\" data-elementor-id=\"914\" class=\"elementor elementor-914\">\n\t\t\t\t<div class=\"has_eae_slider elementor-element elementor-element-f9aef81 e-con-full e-flex e-con e-parent\" data-eae-slider=\"18673\" data-id=\"f9aef81\" data-element_type=\"container\" data-e-type=\"container\">\n\t\t\t\t<div class=\"elementor-element elementor-element-1498be1 elementor-widget elementor-widget-heading\" data-id=\"1498be1\" data-element_type=\"widget\" data-e-type=\"widget\" data-widget_type=\"heading.default\">\n\t\t\t\t<div class=\"elementor-widget-container\">\n\t\t\t\t\t<h2 class=\"elementor-heading-title elementor-size-default\">Uczelniana Komisja Rewizyjna NZS UR 2025\/26<\/h2>\t\t\t\t<\/div>\n\t\t\t\t<\/div>\n\t\t\t\t<div class=\"elementor-element elementor-element-e70f110 elementor-widget-divider--view-line elementor-widget elementor-widget-divider\" data-id=\"e70f110\" data-element_type=\"widget\" data-e-type=\"widget\" data-widget_type=\"divider.default\">\n\t\t\t\t<div class=\"elementor-widget-container\">\n\t\t\t\t\t\t\t<div class=\"elementor-divider\">\n\t\t\t<span class=\"elementor-divider-separator\">\n\t\t\t\t\t\t<\/span>\n\t\t<\/div>\n\t\t\t\t\t\t<\/div>\n\t\t\t\t<\/div>\n\t\t<div class=\"has_eae_slider elementor-element elementor-element-3b99ef5 e-con-full e-flex e-con e-child\" data-eae-slider=\"68860\" data-id=\"3b99ef5\" data-element_type=\"container\" data-e-type=\"container\">\n\t\t<div class=\"has_eae_slider elementor-element elementor-element-61998a1 e-con-full e-flex e-con e-child\" data-eae-slider=\"46261\" data-id=\"61998a1\" data-element_type=\"container\" data-e-type=\"container\">\n\t\t<div class=\"has_eae_slider elementor-element elementor-element-d20cb6f e-con-full e-flex e-con e-child\" data-eae-slider=\"9651\" data-id=\"d20cb6f\" data-element_type=\"container\" data-e-type=\"container\" data-settings=\"{&quot;background_background&quot;:&quot;classic&quot;}\">\n\t\t\t\t<div class=\"elementor-element elementor-element-6f0876e elementor-widget elementor-widget-image\" data-id=\"6f0876e\" data-element_type=\"widget\" data-e-type=\"widget\" data-widget_type=\"image.default\">\n\t\t\t\t<div class=\"elementor-widget-container\">\n\t\t\t\t\t\t\t\t\t\t\t\t\t\t\t<img fetchpriority=\"high\" decoding=\"async\" width=\"684\" height=\"1024\" src=\"https:\/\/ur.nzs.org.pl\/wp-content\/uploads\/2025\/01\/DSC_9684-2-684x1024.jpg\" class=\"attachment-large size-large wp-image-761\" alt=\"Jan St\u0119pie\u0144\" srcset=\"https:\/\/ur.nzs.org.pl\/wp-content\/uploads\/2025\/01\/DSC_9684-2-684x1024.jpg 684w, https:\/\/ur.nzs.org.pl\/wp-content\/uploads\/2025\/01\/DSC_9684-2-200x300.jpg 200w, https:\/\/ur.nzs.org.pl\/wp-content\/uploads\/2025\/01\/DSC_9684-2-768x1150.jpg 768w, https:\/\/ur.nzs.org.pl\/wp-content\/uploads\/2025\/01\/DSC_9684-2-1025x1536.jpg 1025w, https:\/\/ur.nzs.org.pl\/wp-content\/uploads\/2025\/01\/DSC_9684-2-1367x2048.jpg 1367w, https:\/\/ur.nzs.org.pl\/wp-content\/uploads\/2025\/01\/DSC_9684-2-scaled.jpg 1709w\" sizes=\"(max-width: 684px) 100vw, 684px\" \/>\t\t\t\t\t\t\t\t\t\t\t\t\t\t\t<\/div>\n\t\t\t\t<\/div>\n\t\t\t\t<div class=\"elementor-element elementor-element-1ee7994 elementor-widget elementor-widget-heading\" data-id=\"1ee7994\" data-element_type=\"widget\" data-e-type=\"widget\" data-widget_type=\"heading.default\">\n\t\t\t\t<div class=\"elementor-widget-container\">\n\t\t\t\t\t<h4 class=\"elementor-heading-title elementor-size-default\">Jan St\u0119pie\u0144<\/h4>\t\t\t\t<\/div>\n\t\t\t\t<\/div>\n\t\t\t\t<div class=\"elementor-element elementor-element-39539b7 elementor-widget elementor-widget-text-editor\" data-id=\"39539b7\" data-element_type=\"widget\" data-e-type=\"widget\" data-widget_type=\"text-editor.default\">\n\t\t\t\t<div class=\"elementor-widget-container\">\n\t\t\t\t\t\t\t\t\t<p>Przewodnicz\u0105cy UKR<\/p><p>\u00a0<\/p><p>E-mail: <a href=\"mailto:jan.stepien@nzs.org.pl\">jan.stepien@nzs.org.pl<\/a><\/p><p>Tel.: 885 211 234<\/p>\t\t\t\t\t\t\t\t<\/div>\n\t\t\t\t<\/div>\n\t\t\t\t<\/div>\n\t\t<div class=\"has_eae_slider elementor-element elementor-element-d88e277 e-con-full e-flex e-con e-child\" data-eae-slider=\"13125\" data-id=\"d88e277\" data-element_type=\"container\" data-e-type=\"container\" data-settings=\"{&quot;background_background&quot;:&quot;classic&quot;}\">\n\t\t\t\t<div class=\"elementor-element elementor-element-7907be1 elementor-widget elementor-widget-image\" data-id=\"7907be1\" data-element_type=\"widget\" data-e-type=\"widget\" data-widget_type=\"image.default\">\n\t\t\t\t<div class=\"elementor-widget-container\">\n\t\t\t\t\t\t\t\t\t\t\t\t\t\t\t<img decoding=\"async\" width=\"683\" height=\"1024\" src=\"https:\/\/ur.nzs.org.pl\/wp-content\/uploads\/2024\/07\/Piotr-Bylinowski-683x1024.jpg\" class=\"attachment-large size-large wp-image-437\" alt=\"\" srcset=\"https:\/\/ur.nzs.org.pl\/wp-content\/uploads\/2024\/07\/Piotr-Bylinowski-683x1024.jpg 683w, https:\/\/ur.nzs.org.pl\/wp-content\/uploads\/2024\/07\/Piotr-Bylinowski-200x300.jpg 200w, https:\/\/ur.nzs.org.pl\/wp-content\/uploads\/2024\/07\/Piotr-Bylinowski-768x1152.jpg 768w, https:\/\/ur.nzs.org.pl\/wp-content\/uploads\/2024\/07\/Piotr-Bylinowski-1024x1536.jpg 1024w, https:\/\/ur.nzs.org.pl\/wp-content\/uploads\/2024\/07\/Piotr-Bylinowski-1365x2048.jpg 1365w, https:\/\/ur.nzs.org.pl\/wp-content\/uploads\/2024\/07\/Piotr-Bylinowski-scaled.jpg 1707w\" sizes=\"(max-width: 683px) 100vw, 683px\" \/>\t\t\t\t\t\t\t\t\t\t\t\t\t\t\t<\/div>\n\t\t\t\t<\/div>\n\t\t\t\t<div class=\"elementor-element elementor-element-2865e71 elementor-widget elementor-widget-heading\" data-id=\"2865e71\" data-element_type=\"widget\" data-e-type=\"widget\" data-widget_type=\"heading.default\">\n\t\t\t\t<div class=\"elementor-widget-container\">\n\t\t\t\t\t<h4 class=\"elementor-heading-title elementor-size-default\">Piotr Bylinowski<\/h4>\t\t\t\t<\/div>\n\t\t\t\t<\/div>\n\t\t\t\t<div class=\"elementor-element elementor-element-5ec0d01 elementor-widget elementor-widget-text-editor\" data-id=\"5ec0d01\" data-element_type=\"widget\" data-e-type=\"widget\" data-widget_type=\"text-editor.default\">\n\t\t\t\t<div class=\"elementor-widget-container\">\n\t\t\t\t\t\t\t\t\t<p>Cz\u0142onek UKR<\/p><p>E-mail:<br \/><a href=\"mailto:piotr.bylinowski@nzs.org.pl\">piotr.bylinowski@nzs.org.pl<\/a><\/p><p>Tel.:\u00a0<span class=\"x193iq5w xeuugli x13faqbe x1vvkbs x1xmvt09 x1lliihq x1s928wv xhkezso x1gmr53x x1cpjm7i x1fgarty x1943h6x xudqn12 x3x7a5m x6prxxf xvq8zen xo1l8bm xi81zsa x1yc453h\" dir=\"auto\"><span class=\"x193iq5w xeuugli x13faqbe x1vvkbs x1xmvt09 x6prxxf xvq8zen xo1l8bm xzsf02u\">889 466 273<\/span><\/span><\/p>\t\t\t\t\t\t\t\t<\/div>\n\t\t\t\t<\/div>\n\t\t\t\t<\/div>\n\t\t<div class=\"has_eae_slider elementor-element elementor-element-e7474b2 e-con-full e-flex e-con e-child\" data-eae-slider=\"90367\" data-id=\"e7474b2\" data-element_type=\"container\" data-e-type=\"container\" data-settings=\"{&quot;background_background&quot;:&quot;classic&quot;}\">\n\t\t\t\t<div class=\"elementor-element elementor-element-586bf9c elementor-widget elementor-widget-image\" data-id=\"586bf9c\" data-element_type=\"widget\" data-e-type=\"widget\" data-widget_type=\"image.default\">\n\t\t\t\t<div class=\"elementor-widget-container\">\n\t\t\t\t\t\t\t\t\t\t\t\t\t\t\t<img decoding=\"async\" width=\"684\" height=\"1024\" src=\"https:\/\/ur.nzs.org.pl\/wp-content\/uploads\/2024\/07\/DSC_0207-684x1024.jpg\" class=\"attachment-large size-large wp-image-429\" alt=\"\" srcset=\"https:\/\/ur.nzs.org.pl\/wp-content\/uploads\/2024\/07\/DSC_0207-684x1024.jpg 684w, https:\/\/ur.nzs.org.pl\/wp-content\/uploads\/2024\/07\/DSC_0207-200x300.jpg 200w, https:\/\/ur.nzs.org.pl\/wp-content\/uploads\/2024\/07\/DSC_0207-768x1151.jpg 768w, https:\/\/ur.nzs.org.pl\/wp-content\/uploads\/2024\/07\/DSC_0207-1025x1536.jpg 1025w, https:\/\/ur.nzs.org.pl\/wp-content\/uploads\/2024\/07\/DSC_0207-1367x2048.jpg 1367w, https:\/\/ur.nzs.org.pl\/wp-content\/uploads\/2024\/07\/elementor\/thumbs\/DSC_0207-scaled-qqmfa7dfuj39on2qdh6kpb1bpwnkj1r7fb7ictw19s.jpg 400w, https:\/\/ur.nzs.org.pl\/wp-content\/uploads\/2024\/07\/DSC_0207-scaled.jpg 1709w\" sizes=\"(max-width: 684px) 100vw, 684px\" \/>\t\t\t\t\t\t\t\t\t\t\t\t\t\t\t<\/div>\n\t\t\t\t<\/div>\n\t\t\t\t<div class=\"elementor-element elementor-element-2abcb32 elementor-widget elementor-widget-heading\" data-id=\"2abcb32\" data-element_type=\"widget\" data-e-type=\"widget\" data-widget_type=\"heading.default\">\n\t\t\t\t<div class=\"elementor-widget-container\">\n\t\t\t\t\t<h4 class=\"elementor-heading-title elementor-size-default\">Marta Janeczko<\/h4>\t\t\t\t<\/div>\n\t\t\t\t<\/div>\n\t\t\t\t<div class=\"elementor-element elementor-element-f6c5378 elementor-widget elementor-widget-text-editor\" data-id=\"f6c5378\" data-element_type=\"widget\" data-e-type=\"widget\" data-widget_type=\"text-editor.default\">\n\t\t\t\t<div class=\"elementor-widget-container\">\n\t\t\t\t\t\t\t\t\t<p>Cz\u0142onek UKR<\/p><p>E-mail:<span style=\"color: #000000;\"> <span style=\"color: #3366ff;\"><a style=\"color: #3366ff;\" href=\"mailto:marta.janeczko@nzs.org.pl\">marta.janeczko@nzs.org.pl<\/a><\/span><\/span><\/p><p>Tel.: 660 979 388<\/p>\t\t\t\t\t\t\t\t<\/div>\n\t\t\t\t<\/div>\n\t\t\t\t<\/div>\n\t\t<div class=\"has_eae_slider elementor-element elementor-element-7e8c683 e-con-full e-flex e-con e-child\" data-eae-slider=\"2867\" data-id=\"7e8c683\" data-element_type=\"container\" data-e-type=\"container\" data-settings=\"{&quot;background_background&quot;:&quot;classic&quot;}\">\n\t\t\t\t<div class=\"elementor-element elementor-element-aa057d5 elementor-widget elementor-widget-image\" data-id=\"aa057d5\" data-element_type=\"widget\" data-e-type=\"widget\" data-widget_type=\"image.default\">\n\t\t\t\t<div class=\"elementor-widget-container\">\n\t\t\t\t\t\t\t\t\t\t\t\t\t\t\t<img loading=\"lazy\" decoding=\"async\" width=\"684\" height=\"1024\" src=\"https:\/\/ur.nzs.org.pl\/wp-content\/uploads\/2024\/06\/tymczasowe_zdjecie_NZS-684x1024.png\" class=\"attachment-large size-large wp-image-403\" alt=\"\" srcset=\"https:\/\/ur.nzs.org.pl\/wp-content\/uploads\/2024\/06\/tymczasowe_zdjecie_NZS-684x1024.png 684w, https:\/\/ur.nzs.org.pl\/wp-content\/uploads\/2024\/06\/tymczasowe_zdjecie_NZS-200x300.png 200w, https:\/\/ur.nzs.org.pl\/wp-content\/uploads\/2024\/06\/tymczasowe_zdjecie_NZS-768x1150.png 768w, https:\/\/ur.nzs.org.pl\/wp-content\/uploads\/2024\/06\/tymczasowe_zdjecie_NZS-1025x1536.png 1025w, https:\/\/ur.nzs.org.pl\/wp-content\/uploads\/2024\/06\/tymczasowe_zdjecie_NZS-1367x2048.png 1367w, https:\/\/ur.nzs.org.pl\/wp-content\/uploads\/2024\/06\/tymczasowe_zdjecie_NZS.png 1709w\" sizes=\"(max-width: 684px) 100vw, 684px\" \/>\t\t\t\t\t\t\t\t\t\t\t\t\t\t\t<\/div>\n\t\t\t\t<\/div>\n\t\t\t\t<div class=\"elementor-element elementor-element-7c5a975 elementor-widget elementor-widget-heading\" data-id=\"7c5a975\" data-element_type=\"widget\" data-e-type=\"widget\" data-widget_type=\"heading.default\">\n\t\t\t\t<div class=\"elementor-widget-container\">\n\t\t\t\t\t<h4 class=\"elementor-heading-title elementor-size-default\">Urszula Maczuga<\/h4>\t\t\t\t<\/div>\n\t\t\t\t<\/div>\n\t\t\t\t<div class=\"elementor-element elementor-element-ad9dccf elementor-widget elementor-widget-text-editor\" data-id=\"ad9dccf\" data-element_type=\"widget\" data-e-type=\"widget\" data-widget_type=\"text-editor.default\">\n\t\t\t\t<div class=\"elementor-widget-container\">\n\t\t\t\t\t\t\t\t\t<p>Cz\u0142onek UKR<\/p><p>E-mail:<br \/><a href=\"mailto:urszula.maczuga@nzs.org.pl\">urszula.maczuga@nzs.org.pl<\/a><\/p><p>Tel.: 792 183 862<\/p>\t\t\t\t\t\t\t\t<\/div>\n\t\t\t\t<\/div>\n\t\t\t\t<\/div>\n\t\t<div class=\"has_eae_slider elementor-element elementor-element-f47659d e-con-full e-flex e-con e-child\" data-eae-slider=\"98073\" data-id=\"f47659d\" data-element_type=\"container\" data-e-type=\"container\" data-settings=\"{&quot;background_background&quot;:&quot;classic&quot;}\">\n\t\t\t\t<div class=\"elementor-element elementor-element-7a715cf elementor-widget elementor-widget-image\" data-id=\"7a715cf\" data-element_type=\"widget\" data-e-type=\"widget\" data-widget_type=\"image.default\">\n\t\t\t\t<div class=\"elementor-widget-container\">\n\t\t\t\t\t\t\t\t\t\t\t\t\t\t\t<img loading=\"lazy\" decoding=\"async\" width=\"684\" height=\"1024\" src=\"https:\/\/ur.nzs.org.pl\/wp-content\/uploads\/2024\/07\/DSC_9738-684x1024.jpg\" class=\"attachment-large size-large wp-image-436\" alt=\"\" srcset=\"https:\/\/ur.nzs.org.pl\/wp-content\/uploads\/2024\/07\/DSC_9738-684x1024.jpg 684w, https:\/\/ur.nzs.org.pl\/wp-content\/uploads\/2024\/07\/DSC_9738-200x300.jpg 200w, https:\/\/ur.nzs.org.pl\/wp-content\/uploads\/2024\/07\/DSC_9738-768x1150.jpg 768w, https:\/\/ur.nzs.org.pl\/wp-content\/uploads\/2024\/07\/DSC_9738-1025x1536.jpg 1025w, https:\/\/ur.nzs.org.pl\/wp-content\/uploads\/2024\/07\/DSC_9738-1367x2048.jpg 1367w, https:\/\/ur.nzs.org.pl\/wp-content\/uploads\/2024\/07\/DSC_9738-scaled.jpg 1709w\" sizes=\"(max-width: 684px) 100vw, 684px\" \/>\t\t\t\t\t\t\t\t\t\t\t\t\t\t\t<\/div>\n\t\t\t\t<\/div>\n\t\t\t\t<div class=\"elementor-element elementor-element-f817dee elementor-widget elementor-widget-heading\" data-id=\"f817dee\" data-element_type=\"widget\" data-e-type=\"widget\" data-widget_type=\"heading.default\">\n\t\t\t\t<div class=\"elementor-widget-container\">\n\t\t\t\t\t<h4 class=\"elementor-heading-title elementor-size-default\">Patrycja Gawe\u0142<\/h4>\t\t\t\t<\/div>\n\t\t\t\t<\/div>\n\t\t\t\t<div class=\"elementor-element elementor-element-730793e elementor-widget elementor-widget-text-editor\" data-id=\"730793e\" data-element_type=\"widget\" data-e-type=\"widget\" data-widget_type=\"text-editor.default\">\n\t\t\t\t<div class=\"elementor-widget-container\">\n\t\t\t\t\t\t\t\t\t<p>Cz\u0142onek UKR<\/p><p>E-mail: <a href=\"mailto:patrycja.gawel@nzs.org.pl\">patrycja.gawel@nzs.org.pl<\/a><\/p><p>Tel.: 885 482 991<\/p>\t\t\t\t\t\t\t\t<\/div>\n\t\t\t\t<\/div>\n\t\t\t\t<\/div>\n\t\t\t\t<\/div>\n\t\t\t\t<\/div>\n\t\t\t\t<\/div>\n\t\t<div class=\"has_eae_slider elementor-element elementor-element-d1785e8 e-flex e-con-boxed e-con e-parent\" data-eae-slider=\"86932\" data-id=\"d1785e8\" data-element_type=\"container\" data-e-type=\"container\">\n\t\t\t\t\t<div class=\"e-con-inner\">\n\t\t\t\t<div class=\"elementor-element elementor-element-128d84d elementor-widget elementor-widget-heading\" data-id=\"128d84d\" data-element_type=\"widget\" data-e-type=\"widget\" data-widget_type=\"heading.default\">\n\t\t\t\t<div class=\"elementor-widget-container\">\n\t\t\t\t\t<h2 class=\"elementor-heading-title elementor-size-default\"><a href=\"https:\/\/ur.nzs.org.pl\/index.php\/archiwum-wladz-nzs-ur\/\">Poprzednie w\u0142adze NZS UR<\/a><\/h2>\t\t\t\t<\/div>\n\t\t\t\t<\/div>\n\t\t\t\t\t<\/div>\n\t\t\t\t<\/div>\n\t\t\t\t<\/div>\n\t\t","protected":false},"excerpt":{"rendered":"<p>Uczelniana Komisja Rewizyjna NZS UR 2025\/26 Jan St\u0119pie\u0144 Przewodnicz\u0105cy UKR \u00a0 E-mail: jan.stepien@nzs.org.pl Tel.: 885 211 234 Piotr Bylinowski Cz\u0142onek UKR E-mail:piotr.bylinowski@nzs.org.pl Tel.:\u00a0889 466 273 Marta Janeczko Cz\u0142onek UKR E-mail: marta.janeczko@nzs.org.pl Tel.: 660 979 388 Urszula Maczuga Cz\u0142onek UKR E-mail:urszula.maczuga@nzs.org.pl Tel.: 792 183 862 Patrycja Gawe\u0142 Cz\u0142onek UKR E-mail: patrycja.gawel@nzs.org.pl Tel.: 885 482 991 Poprzednie [&hellip;]<\/p>\n","protected":false},"author":2,"featured_media":0,"parent":0,"menu_order":0,"comment_status":"closed","ping_status":"closed","template":"","meta":{"footnotes":""},"class_list":["post-914","page","type-page","status-publish","hentry"],"blocksy_meta":[],"_links":{"self":[{"href":"https:\/\/ur.nzs.org.pl\/index.php\/wp-json\/wp\/v2\/pages\/914","targetHints":{"allow":["GET"]}}],"collection":[{"href":"https:\/\/ur.nzs.org.pl\/index.php\/wp-json\/wp\/v2\/pages"}],"about":[{"href":"https:\/\/ur.nzs.org.pl\/index.php\/wp-json\/wp\/v2\/types\/page"}],"author":[{"embeddable":true,"href":"https:\/\/ur.nzs.org.pl\/index.php\/wp-json\/wp\/v2\/users\/2"}],"replies":[{"embeddable":true,"href":"https:\/\/ur.nzs.org.pl\/index.php\/wp-json\/wp\/v2\/comments?post=914"}],"version-history":[{"count":19,"href":"https:\/\/ur.nzs.org.pl\/index.php\/wp-json\/wp\/v2\/pages\/914\/revisions"}],"predecessor-version":[{"id":1233,"href":"https:\/\/ur.nzs.org.pl\/index.php\/wp-json\/wp\/v2\/pages\/914\/revisions\/1233"}],"wp:attachment":[{"href":"https:\/\/ur.nzs.org.pl\/index.php\/wp-json\/wp\/v2\/media?parent=914"}],"curies":[{"name":"wp","href":"https:\/\/api.w.org\/{rel}","templated":true}]}}